{"id":1339,"date":"2025-08-28T22:52:49","date_gmt":"2025-08-29T02:52:49","guid":{"rendered":"https:\/\/saboresmendoza.com\/barcelona\/?page_id=1339"},"modified":"2025-08-30T16:22:40","modified_gmt":"2025-08-30T20:22:40","slug":"servicios-de-gastronomia-en-barcelona","status":"publish","type":"page","link":"https:\/\/saboresmendoza.com\/barcelona\/servicios-de-gastronomia-en-barcelona\/","title":{"rendered":"Servicios de Gastronom\u00eda en Barcelona"},"content":{"rendered":"\t\t<div data-elementor-type=\"wp-page\" data-elementor-id=\"1339\" class=\"elementor elementor-1339\">\n\t\t\t\t<div class=\"elementor-element elementor-element-ed854e6 e-con-full e-flex e-con e-parent\" data-id=\"ed854e6\" data-element_type=\"container\" data-e-type=\"container\">\n\t\t<div class=\"elementor-element elementor-element-872cca0 e-con-full e-flex e-con e-child\" data-id=\"872cca0\" data-element_type=\"container\" data-e-type=\"container\" data-settings=\"{&quot;background_background&quot;:&quot;classic&quot;}\">\n\t\t\t\t<div class=\"elementor-element elementor-element-97d0744 elementor-widget elementor-widget-heading\" data-id=\"97d0744\" data-element_type=\"widget\" data-e-type=\"widget\" data-widget_type=\"heading.default\">\n\t\t\t\t\t<h1 class=\"elementor-heading-title elementor-size-default\">Servicios de Gastronom\u00eda en Barcelona<\/h1>\t\t\t\t<\/div>\n\t\t\t\t<div class=\"elementor-element elementor-element-0f8c229 elementor-widget elementor-widget-text-editor\" data-id=\"0f8c229\" data-element_type=\"widget\" data-e-type=\"widget\" data-widget_type=\"text-editor.default\">\n\t\t\t\t\t\t\t\t\t<p style=\"text-align: center;\"><strong>Chef Privado, Comida Saludable y Servicios para Empresas<\/strong><\/p>\t\t\t\t\t\t\t\t<\/div>\n\t\t\t\t<\/div>\n\t\t\t\t<\/div>\n\t\t<div class=\"elementor-element elementor-element-14ed6d6 e-flex e-con-boxed e-con e-parent\" data-id=\"14ed6d6\" data-element_type=\"container\" data-e-type=\"container\">\n\t\t\t\t\t<div class=\"e-con-inner\">\n\t\t\t\t<div class=\"elementor-element elementor-element-02e2cf4 elementor-widget elementor-widget-text-editor\" data-id=\"02e2cf4\" data-element_type=\"widget\" data-e-type=\"widget\" data-widget_type=\"text-editor.default\">\n\t\t\t\t\t\t\t\t\t<p>Disfruta de <strong data-start=\"257\" data-end=\"308\">servicios gastron\u00f3micos exclusivos en Barcelona<\/strong>, dise\u00f1ados a medida para cada ocasi\u00f3n. Contrata un <strong data-start=\"360\" data-end=\"388\">chef privado a domicilio<\/strong>, ideal para <strong data-start=\"401\" data-end=\"419\">cenas privadas<\/strong>, <strong data-start=\"421\" data-end=\"449\">celebraciones especiales<\/strong> o experiencias gourmet en casa. Planifica tu semana con nuestro <strong data-start=\"514\" data-end=\"537\">meal prep saludable<\/strong> con entrega r\u00e1pida o elige nuestro <strong data-start=\"573\" data-end=\"622\">catering para eventos corporativos o sociales<\/strong>. Tambi\u00e9n contamos con <strong data-start=\"645\" data-end=\"663\">chefs de viaje<\/strong>, disponibles bajo reserva. Vive una <strong data-start=\"700\" data-end=\"739\">experiencia culinaria personalizada<\/strong> donde la calidad, el sabor y la hospitalidad marcan la diferencia en cada servicio.<\/p>\t\t\t\t\t\t\t\t<\/div>\n\t\t\t\t<div class=\"elementor-element elementor-element-fa5950e elementor-widget elementor-widget-shortcode\" data-id=\"fa5950e\" data-element_type=\"widget\" data-e-type=\"widget\" data-widget_type=\"shortcode.default\">\n\t\t\t\t\t\t\t<div class=\"elementor-shortcode\">\n    <style>\n    .categorias-grid {\n        display: grid;\n        grid-template-columns: 1fr;\n        gap: 30px;\n        width: 100%;\n        box-sizing: border-box;\n    }\n\n    @media (min-width: 600px) {\n        .categorias-grid {\n            grid-template-columns: repeat(2, 1fr);\n        }\n    }\n\n    @media (min-width: 900px) {\n        .categorias-grid {\n            grid-template-columns: repeat(4, 1fr);\n        }\n    }\n\n    .categoria-box {\n        text-align: center;\n        font-family: inherit;\n        width: 100%;\n    }\n\n    .categoria-box a {\n        text-decoration: none;\n        color: inherit;\n    }\n\n    .categoria-box img {\n        width: 100%;\n        height: auto;   \n        object-fit: contain;\n        margin-bottom: 15px;\n        display: block;\n    }\n\n    .categoria-box h3 {\n        font-size: 24px;\n        margin: 0 0 10px;\n        transition: color 0.3s ease;\n    }\n\n    .categoria-box h3:hover {\n        color: #555c6a;\n    }\n\n    .categoria-box p.extracto {\n        font-size: 14px;\n        font-weight: 400;\n        color: #272626;\n        margin: 0 0 15px;\n        line-height: 24px;\n    }\n\n    .categoria-box p.precio {\n        font-size: 14px;\n        font-weight: bold;\n        margin-bottom: 20px;\n        color: #333;\n    }\n\n    .btn-minimal {\n        display: inline-block;\n        padding: 8px 20px;\n        border: 2px solid currentColor;\n        font-size: 14px;\n        color: inherit;\n        background: transparent;\n        text-decoration: none;\n        transition: all 0.3s ease;\n    }\n\n    .btn-minimal:hover {\n        background-color: rgba(0, 0, 0, 0.05);\n    }\n    <\/style>\n\n    <div class=\"categorias-grid\">\n                    <div class=\"categoria-box\">\n                                    <a href=\"https:\/\/saboresmendoza.com\/barcelona\/menu\/servicios\/catering-para-eventos-privados\/\">\n                        <img decoding=\"async\" data-src=\"https:\/\/saboresmendoza.com\/barcelona\/wp-content\/uploads\/2025\/08\/barcelona-evento-privado-chef.webp\" alt=\"Evento Privado\" src=\"data:image\/svg+xml;base64,PHN2ZyB3aWR0aD0iMSIgaGVpZ2h0PSIxIiB4bWxucz0iaHR0cDovL3d3dy53My5vcmcvMjAwMC9zdmciPjwvc3ZnPg==\" class=\"lazyload\" style=\"--smush-placeholder-width: 1024px; --smush-placeholder-aspect-ratio: 1024\/1365;\">\n                    <\/a>\n                \n                <a href=\"https:\/\/saboresmendoza.com\/barcelona\/menu\/servicios\/catering-para-eventos-privados\/\">\n                    <h3>Evento Privado<\/h3>\n                <\/a>\n\n                                    <p class=\"extracto\">Organizaci\u00f3n integral de desayunos, almuerzos, brunch, cenas o c\u00f3cteles. Men\u00fas dise\u00f1ados a medida seg\u00fan sus necesidades, garantizando una experiencia gastron\u00f3mica personalizada.<\/p>\n                \n                \n                <a class=\"btn-minimal\" href=\"https:\/\/saboresmendoza.com\/barcelona\/menu\/servicios\/catering-para-eventos-privados\/\">Contratar<\/a>\n            <\/div>\n                    <div class=\"categoria-box\">\n                                    <a href=\"https:\/\/saboresmendoza.com\/barcelona\/menu\/servicios\/chef-privado-a-domicilio\/\">\n                        <img decoding=\"async\" data-src=\"https:\/\/saboresmendoza.com\/barcelona\/wp-content\/uploads\/2025\/10\/chef-a-domicilio-barcelona-1.jpg\" alt=\"Chef a Domicilio\" src=\"data:image\/svg+xml;base64,PHN2ZyB3aWR0aD0iMSIgaGVpZ2h0PSIxIiB4bWxucz0iaHR0cDovL3d3dy53My5vcmcvMjAwMC9zdmciPjwvc3ZnPg==\" class=\"lazyload\" style=\"--smush-placeholder-width: 900px; --smush-placeholder-aspect-ratio: 900\/1200;\">\n                    <\/a>\n                \n                <a href=\"https:\/\/saboresmendoza.com\/barcelona\/menu\/servicios\/chef-privado-a-domicilio\/\">\n                    <h3>Chef a Domicilio<\/h3>\n                <\/a>\n\n                                    <p class=\"extracto\">Experiencias gastron\u00f3micas exclusivas en tu hogar: desde cenas \u00edntimas hasta celebraciones especiales. Me ocupo de todo el proceso, para que solo te dediques a disfrutar.<\/p>\n                \n                \n                <a class=\"btn-minimal\" href=\"https:\/\/saboresmendoza.com\/barcelona\/menu\/servicios\/chef-privado-a-domicilio\/\">Contratar<\/a>\n            <\/div>\n                    <div class=\"categoria-box\">\n                                    <a href=\"https:\/\/saboresmendoza.com\/barcelona\/menu\/servicios\/meal-prep\/\">\n                        <img decoding=\"async\" data-src=\"https:\/\/saboresmendoza.com\/barcelona\/wp-content\/uploads\/2025\/08\/meal.prep_.webp\" alt=\"Meal Prep\" src=\"data:image\/svg+xml;base64,PHN2ZyB3aWR0aD0iMSIgaGVpZ2h0PSIxIiB4bWxucz0iaHR0cDovL3d3dy53My5vcmcvMjAwMC9zdmciPjwvc3ZnPg==\" class=\"lazyload\" style=\"--smush-placeholder-width: 1024px; --smush-placeholder-aspect-ratio: 1024\/1365;\">\n                    <\/a>\n                \n                <a href=\"https:\/\/saboresmendoza.com\/barcelona\/menu\/servicios\/meal-prep\/\">\n                    <h3>Meal Prep<\/h3>\n                <\/a>\n\n                                    <p class=\"extracto\">Planificaci\u00f3n y preparaci\u00f3n de men\u00fas semanales equilibrados, pr\u00e1cticos y deliciosos. Ideal para quienes desean comer rico y saludable sin preocuparse por la cocina diaria.<\/p>\n                \n                \n                <a class=\"btn-minimal\" href=\"https:\/\/saboresmendoza.com\/barcelona\/menu\/servicios\/meal-prep\/\">Contratar<\/a>\n            <\/div>\n                    <div class=\"categoria-box\">\n                                    <a href=\"https:\/\/saboresmendoza.com\/barcelona\/menu\/servicios\/chef-privado-de-viaje\/\">\n                        <img decoding=\"async\" data-src=\"https:\/\/saboresmendoza.com\/barcelona\/wp-content\/uploads\/2025\/08\/foto_chef_.jpg\" alt=\"Chef de Viajes\" src=\"data:image\/svg+xml;base64,PHN2ZyB3aWR0aD0iMSIgaGVpZ2h0PSIxIiB4bWxucz0iaHR0cDovL3d3dy53My5vcmcvMjAwMC9zdmciPjwvc3ZnPg==\" class=\"lazyload\" style=\"--smush-placeholder-width: 900px; --smush-placeholder-aspect-ratio: 900\/1200;\">\n                    <\/a>\n                \n                <a href=\"https:\/\/saboresmendoza.com\/barcelona\/menu\/servicios\/chef-privado-de-viaje\/\">\n                    <h3>Chef de Viajes<\/h3>\n                <\/a>\n\n                                    <p class=\"extracto\">Acompa\u00f1amiento culinario durante tus viajes. Elaboraci\u00f3n de men\u00fas personalizados en cualquier destino. (Consultar calendario y honorarios seg\u00fan disponibilidad).<\/p>\n                \n                \n                <a class=\"btn-minimal\" href=\"https:\/\/saboresmendoza.com\/barcelona\/menu\/servicios\/chef-privado-de-viaje\/\">Contratar<\/a>\n            <\/div>\n            <\/div>\n\n    \n<\/div>\n\t\t\t\t\t\t<\/div>\n\t\t\t\t\t<\/div>\n\t\t\t\t<\/div>\n\t\t\t\t<\/div>\n\t\t","protected":false},"excerpt":{"rendered":"<p>Servicios de Gastronom\u00eda en Barcelona Chef Privado, Comida Saludable y Servicios para Empresas Disfruta de servicios gastron\u00f3micos exclusivos en Barcelona, dise\u00f1ados a medida para cada ocasi\u00f3n. Contrata un chef privado a domicilio, ideal para cenas privadas, celebraciones especiales o experiencias gourmet en casa. Planifica tu semana con nuestro meal prep saludable con entrega r\u00e1pida o&hellip;&nbsp;<\/p>\n","protected":false},"author":1,"featured_media":0,"parent":0,"menu_order":0,"comment_status":"closed","ping_status":"closed","template":"","meta":{"neve_meta_sidebar":"","neve_meta_container":"","neve_meta_enable_content_width":"","neve_meta_content_width":0,"neve_meta_title_alignment":"","neve_meta_author_avatar":"","neve_post_elements_order":"","neve_meta_disable_header":"","neve_meta_disable_footer":"","neve_meta_disable_title":"on","footnotes":""},"class_list":["post-1339","page","type-page","status-publish","hentry"],"_links":{"self":[{"href":"https:\/\/saboresmendoza.com\/barcelona\/wp-json\/wp\/v2\/pages\/1339","targetHints":{"allow":["GET"]}}],"collection":[{"href":"https:\/\/saboresmendoza.com\/barcelona\/wp-json\/wp\/v2\/pages"}],"about":[{"href":"https:\/\/saboresmendoza.com\/barcelona\/wp-json\/wp\/v2\/types\/page"}],"author":[{"embeddable":true,"href":"https:\/\/saboresmendoza.com\/barcelona\/wp-json\/wp\/v2\/users\/1"}],"replies":[{"embeddable":true,"href":"https:\/\/saboresmendoza.com\/barcelona\/wp-json\/wp\/v2\/comments?post=1339"}],"version-history":[{"count":13,"href":"https:\/\/saboresmendoza.com\/barcelona\/wp-json\/wp\/v2\/pages\/1339\/revisions"}],"predecessor-version":[{"id":1389,"href":"https:\/\/saboresmendoza.com\/barcelona\/wp-json\/wp\/v2\/pages\/1339\/revisions\/1389"}],"wp:attachment":[{"href":"https:\/\/saboresmendoza.com\/barcelona\/wp-json\/wp\/v2\/media?parent=1339"}],"curies":[{"name":"wp","href":"https:\/\/api.w.org\/{rel}","templated":true}]}}